{"id":2138,"date":"2020-07-09T19:01:25","date_gmt":"2020-07-09T18:01:25","guid":{"rendered":"https:\/\/volante-translated.vitaledigital.co.uk\/about-volante\/"},"modified":"2024-03-20T11:18:56","modified_gmt":"2024-03-20T11:18:56","slug":"about-volante","status":"publish","type":"page","link":"https:\/\/volanteglobal.com\/fr\/about-volante\/","title":{"rendered":"A propos de Volante"},"content":{"rendered":"","protected":false},"excerpt":{"rendered":"","protected":false},"author":1,"featured_media":2030,"parent":0,"menu_order":0,"comment_status":"closed","ping_status":"closed","template":"templates\/page-about.php","meta":{"_acf_changed":false,"footnotes":""},"class_list":["post-2138","page","type-page","status-publish","has-post-thumbnail","hentry"],"acf":[],"yoast_head":"<!-- This site is optimized with the Yoast SEO plugin v27.5 - https:\/\/yoast.com\/product\/yoast-seo-wordpress\/ -->\n<title>A propos de Volante - Volante Group<\/title>\n<meta name=\"description\" content=\"Volante offre un cadre de souscription vraiment unique. Un Agent de Soucription (MGA) international et multi-produits ainsi qu&#039;un Syndicat du Lloyd&#039;s g\u00e9r\u00e9 par Asta Managing Agency Ltd. Nous proposons des produits d&#039;assurance et de r\u00e9assurance sp\u00e9cialis\u00e9s et de niche, d\u00e9velopp\u00e9s par des \u00e9quipes de souscription dot\u00e9es des pleines autorit\u00e9s et \u00e0 travers un large r\u00e9seau de distribution.\" \/>\n<meta name=\"robots\" content=\"index, follow, max-snippet:-1, max-image-preview:large, max-video-preview:-1\" \/>\n<link rel=\"canonical\" href=\"https:\/\/volanteglobal.com\/fr\/about-volante\/\" \/>\n<meta property=\"og:locale\" content=\"fr_FR\" \/>\n<meta property=\"og:type\" content=\"article\" \/>\n<meta property=\"og:title\" content=\"A propos de Volante - Volante Group\" \/>\n<meta property=\"og:description\" content=\"Volante offre un cadre de souscription vraiment unique. Un Agent de Soucription (MGA) international et multi-produits ainsi qu&#039;un Syndicat du Lloyd&#039;s g\u00e9r\u00e9 par Asta Managing Agency Ltd. Nous proposons des produits d&#039;assurance et de r\u00e9assurance sp\u00e9cialis\u00e9s et de niche, d\u00e9velopp\u00e9s par des \u00e9quipes de souscription dot\u00e9es des pleines autorit\u00e9s et \u00e0 travers un large r\u00e9seau de distribution.\" \/>\n<meta property=\"og:url\" content=\"https:\/\/volanteglobal.com\/fr\/about-volante\/\" \/>\n<meta property=\"og:site_name\" content=\"Volante Group\" \/>\n<meta property=\"article:publisher\" content=\"https:\/\/www.linkedin.com\/company\/volante-global\/\" \/>\n<meta property=\"article:modified_time\" content=\"2024-03-20T11:18:56+00:00\" \/>\n<meta property=\"og:image\" content=\"https:\/\/volanteglobal.com\/wp-content\/uploads\/2020\/11\/aboutVolanteBlack-1024x681.png\" \/>\n\t<meta property=\"og:image:width\" content=\"1024\" \/>\n\t<meta property=\"og:image:height\" content=\"681\" \/>\n\t<meta property=\"og:image:type\" content=\"image\/png\" \/>\n<meta name=\"twitter:card\" content=\"summary_large_image\" \/>\n<meta name=\"twitter:label1\" content=\"Dur\u00e9e de lecture estim\u00e9e\" \/>\n\t<meta name=\"twitter:data1\" content=\"1 minute\" \/>\n<script type=\"application\/ld+json\" class=\"yoast-schema-graph\">{\"@context\":\"https:\\\/\\\/schema.org\",\"@graph\":[{\"@type\":\"WebPage\",\"@id\":\"https:\\\/\\\/volanteglobal.com\\\/fr\\\/about-volante\\\/\",\"url\":\"https:\\\/\\\/volanteglobal.com\\\/fr\\\/about-volante\\\/\",\"name\":\"A propos de Volante - Volante Group\",\"isPartOf\":{\"@id\":\"https:\\\/\\\/volanteglobal.com\\\/fr\\\/#website\"},\"primaryImageOfPage\":{\"@id\":\"https:\\\/\\\/volanteglobal.com\\\/fr\\\/about-volante\\\/#primaryimage\"},\"image\":{\"@id\":\"https:\\\/\\\/volanteglobal.com\\\/fr\\\/about-volante\\\/#primaryimage\"},\"thumbnailUrl\":\"https:\\\/\\\/volanteglobal.com\\\/wp-content\\\/uploads\\\/2020\\\/11\\\/aboutVolanteBlack.png\",\"datePublished\":\"2020-07-09T18:01:25+00:00\",\"dateModified\":\"2024-03-20T11:18:56+00:00\",\"description\":\"Volante offre un cadre de souscription vraiment unique. Un Agent de Soucription (MGA) international et multi-produits ainsi qu'un Syndicat du Lloyd's g\u00e9r\u00e9 par Asta Managing Agency Ltd. Nous proposons des produits d'assurance et de r\u00e9assurance sp\u00e9cialis\u00e9s et de niche, d\u00e9velopp\u00e9s par des \u00e9quipes de souscription dot\u00e9es des pleines autorit\u00e9s et \u00e0 travers un large r\u00e9seau de distribution.\",\"breadcrumb\":{\"@id\":\"https:\\\/\\\/volanteglobal.com\\\/fr\\\/about-volante\\\/#breadcrumb\"},\"inLanguage\":\"fr-FR\",\"potentialAction\":[{\"@type\":\"ReadAction\",\"target\":[\"https:\\\/\\\/volanteglobal.com\\\/fr\\\/about-volante\\\/\"]}]},{\"@type\":\"ImageObject\",\"inLanguage\":\"fr-FR\",\"@id\":\"https:\\\/\\\/volanteglobal.com\\\/fr\\\/about-volante\\\/#primaryimage\",\"url\":\"https:\\\/\\\/volanteglobal.com\\\/wp-content\\\/uploads\\\/2020\\\/11\\\/aboutVolanteBlack.png\",\"contentUrl\":\"https:\\\/\\\/volanteglobal.com\\\/wp-content\\\/uploads\\\/2020\\\/11\\\/aboutVolanteBlack.png\",\"width\":2560,\"height\":1703},{\"@type\":\"BreadcrumbList\",\"@id\":\"https:\\\/\\\/volanteglobal.com\\\/fr\\\/about-volante\\\/#breadcrumb\",\"itemListElement\":[{\"@type\":\"ListItem\",\"position\":1,\"name\":\"Home\",\"item\":\"https:\\\/\\\/volanteglobal.com\\\/fr\\\/\"},{\"@type\":\"ListItem\",\"position\":2,\"name\":\"A propos de Volante\"}]},{\"@type\":\"WebSite\",\"@id\":\"https:\\\/\\\/volanteglobal.com\\\/fr\\\/#website\",\"url\":\"https:\\\/\\\/volanteglobal.com\\\/fr\\\/\",\"name\":\"Volante Group\",\"description\":\"Transforming the market standard\",\"publisher\":{\"@id\":\"https:\\\/\\\/volanteglobal.com\\\/fr\\\/#organization\"},\"potentialAction\":[{\"@type\":\"SearchAction\",\"target\":{\"@type\":\"EntryPoint\",\"urlTemplate\":\"https:\\\/\\\/volanteglobal.com\\\/fr\\\/?s={search_term_string}\"},\"query-input\":{\"@type\":\"PropertyValueSpecification\",\"valueRequired\":true,\"valueName\":\"search_term_string\"}}],\"inLanguage\":\"fr-FR\"},{\"@type\":\"Organization\",\"@id\":\"https:\\\/\\\/volanteglobal.com\\\/fr\\\/#organization\",\"name\":\"Volante Group\",\"url\":\"https:\\\/\\\/volanteglobal.com\\\/fr\\\/\",\"logo\":{\"@type\":\"ImageObject\",\"inLanguage\":\"fr-FR\",\"@id\":\"https:\\\/\\\/volanteglobal.com\\\/fr\\\/#\\\/schema\\\/logo\\\/image\\\/\",\"url\":\"https:\\\/\\\/volanteglobal.com\\\/wp-content\\\/uploads\\\/2025\\\/04\\\/Volante-Logo.png\",\"contentUrl\":\"https:\\\/\\\/volanteglobal.com\\\/wp-content\\\/uploads\\\/2025\\\/04\\\/Volante-Logo.png\",\"width\":1920,\"height\":1080,\"caption\":\"Volante Group\"},\"image\":{\"@id\":\"https:\\\/\\\/volanteglobal.com\\\/fr\\\/#\\\/schema\\\/logo\\\/image\\\/\"},\"sameAs\":[\"https:\\\/\\\/www.linkedin.com\\\/company\\\/volante-global\\\/\"]}]}<\/script>\n<!-- \/ Yoast SEO plugin. -->","yoast_head_json":{"title":"A propos de Volante - Volante Group","description":"Volante offre un cadre de souscription vraiment unique. Un Agent de Soucription (MGA) international et multi-produits ainsi qu'un Syndicat du Lloyd's g\u00e9r\u00e9 par Asta Managing Agency Ltd. Nous proposons des produits d'assurance et de r\u00e9assurance sp\u00e9cialis\u00e9s et de niche, d\u00e9velopp\u00e9s par des \u00e9quipes de souscription dot\u00e9es des pleines autorit\u00e9s et \u00e0 travers un large r\u00e9seau de distribution.","robots":{"index":"index","follow":"follow","max-snippet":"max-snippet:-1","max-image-preview":"max-image-preview:large","max-video-preview":"max-video-preview:-1"},"canonical":"https:\/\/volanteglobal.com\/fr\/about-volante\/","og_locale":"fr_FR","og_type":"article","og_title":"A propos de Volante - Volante Group","og_description":"Volante offre un cadre de souscription vraiment unique. Un Agent de Soucription (MGA) international et multi-produits ainsi qu'un Syndicat du Lloyd's g\u00e9r\u00e9 par Asta Managing Agency Ltd. Nous proposons des produits d'assurance et de r\u00e9assurance sp\u00e9cialis\u00e9s et de niche, d\u00e9velopp\u00e9s par des \u00e9quipes de souscription dot\u00e9es des pleines autorit\u00e9s et \u00e0 travers un large r\u00e9seau de distribution.","og_url":"https:\/\/volanteglobal.com\/fr\/about-volante\/","og_site_name":"Volante Group","article_publisher":"https:\/\/www.linkedin.com\/company\/volante-global\/","article_modified_time":"2024-03-20T11:18:56+00:00","og_image":[{"width":1024,"height":681,"url":"https:\/\/volanteglobal.com\/wp-content\/uploads\/2020\/11\/aboutVolanteBlack-1024x681.png","type":"image\/png"}],"twitter_card":"summary_large_image","twitter_misc":{"Dur\u00e9e de lecture estim\u00e9e":"1 minute"},"schema":{"@context":"https:\/\/schema.org","@graph":[{"@type":"WebPage","@id":"https:\/\/volanteglobal.com\/fr\/about-volante\/","url":"https:\/\/volanteglobal.com\/fr\/about-volante\/","name":"A propos de Volante - Volante Group","isPartOf":{"@id":"https:\/\/volanteglobal.com\/fr\/#website"},"primaryImageOfPage":{"@id":"https:\/\/volanteglobal.com\/fr\/about-volante\/#primaryimage"},"image":{"@id":"https:\/\/volanteglobal.com\/fr\/about-volante\/#primaryimage"},"thumbnailUrl":"https:\/\/volanteglobal.com\/wp-content\/uploads\/2020\/11\/aboutVolanteBlack.png","datePublished":"2020-07-09T18:01:25+00:00","dateModified":"2024-03-20T11:18:56+00:00","description":"Volante offre un cadre de souscription vraiment unique. Un Agent de Soucription (MGA) international et multi-produits ainsi qu'un Syndicat du Lloyd's g\u00e9r\u00e9 par Asta Managing Agency Ltd. Nous proposons des produits d'assurance et de r\u00e9assurance sp\u00e9cialis\u00e9s et de niche, d\u00e9velopp\u00e9s par des \u00e9quipes de souscription dot\u00e9es des pleines autorit\u00e9s et \u00e0 travers un large r\u00e9seau de distribution.","breadcrumb":{"@id":"https:\/\/volanteglobal.com\/fr\/about-volante\/#breadcrumb"},"inLanguage":"fr-FR","potentialAction":[{"@type":"ReadAction","target":["https:\/\/volanteglobal.com\/fr\/about-volante\/"]}]},{"@type":"ImageObject","inLanguage":"fr-FR","@id":"https:\/\/volanteglobal.com\/fr\/about-volante\/#primaryimage","url":"https:\/\/volanteglobal.com\/wp-content\/uploads\/2020\/11\/aboutVolanteBlack.png","contentUrl":"https:\/\/volanteglobal.com\/wp-content\/uploads\/2020\/11\/aboutVolanteBlack.png","width":2560,"height":1703},{"@type":"BreadcrumbList","@id":"https:\/\/volanteglobal.com\/fr\/about-volante\/#breadcrumb","itemListElement":[{"@type":"ListItem","position":1,"name":"Home","item":"https:\/\/volanteglobal.com\/fr\/"},{"@type":"ListItem","position":2,"name":"A propos de Volante"}]},{"@type":"WebSite","@id":"https:\/\/volanteglobal.com\/fr\/#website","url":"https:\/\/volanteglobal.com\/fr\/","name":"Volante Group","description":"Transforming the market standard","publisher":{"@id":"https:\/\/volanteglobal.com\/fr\/#organization"},"potentialAction":[{"@type":"SearchAction","target":{"@type":"EntryPoint","urlTemplate":"https:\/\/volanteglobal.com\/fr\/?s={search_term_string}"},"query-input":{"@type":"PropertyValueSpecification","valueRequired":true,"valueName":"search_term_string"}}],"inLanguage":"fr-FR"},{"@type":"Organization","@id":"https:\/\/volanteglobal.com\/fr\/#organization","name":"Volante Group","url":"https:\/\/volanteglobal.com\/fr\/","logo":{"@type":"ImageObject","inLanguage":"fr-FR","@id":"https:\/\/volanteglobal.com\/fr\/#\/schema\/logo\/image\/","url":"https:\/\/volanteglobal.com\/wp-content\/uploads\/2025\/04\/Volante-Logo.png","contentUrl":"https:\/\/volanteglobal.com\/wp-content\/uploads\/2025\/04\/Volante-Logo.png","width":1920,"height":1080,"caption":"Volante Group"},"image":{"@id":"https:\/\/volanteglobal.com\/fr\/#\/schema\/logo\/image\/"},"sameAs":["https:\/\/www.linkedin.com\/company\/volante-global\/"]}]}},"_links":{"self":[{"href":"https:\/\/volanteglobal.com\/fr\/wp-json\/wp\/v2\/pages\/2138","targetHints":{"allow":["GET"]}}],"collection":[{"href":"https:\/\/volanteglobal.com\/fr\/wp-json\/wp\/v2\/pages"}],"about":[{"href":"https:\/\/volanteglobal.com\/fr\/wp-json\/wp\/v2\/types\/page"}],"author":[{"embeddable":true,"href":"https:\/\/volanteglobal.com\/fr\/wp-json\/wp\/v2\/users\/1"}],"replies":[{"embeddable":true,"href":"https:\/\/volanteglobal.com\/fr\/wp-json\/wp\/v2\/comments?post=2138"}],"version-history":[{"count":4,"href":"https:\/\/volanteglobal.com\/fr\/wp-json\/wp\/v2\/pages\/2138\/revisions"}],"predecessor-version":[{"id":5900,"href":"https:\/\/volanteglobal.com\/fr\/wp-json\/wp\/v2\/pages\/2138\/revisions\/5900"}],"wp:featuredmedia":[{"embeddable":true,"href":"https:\/\/volanteglobal.com\/fr\/wp-json\/wp\/v2\/media\/2030"}],"wp:attachment":[{"href":"https:\/\/volanteglobal.com\/fr\/wp-json\/wp\/v2\/media?parent=2138"}],"curies":[{"name":"wp","href":"https:\/\/api.w.org\/{rel}","templated":true}]}}