{"id":2127,"date":"2020-07-31T13:22:30","date_gmt":"2020-07-31T12:22:30","guid":{"rendered":"https:\/\/volante-translated.vitaledigital.co.uk\/meet-the-team\/"},"modified":"2022-03-08T12:17:52","modified_gmt":"2022-03-08T12:17:52","slug":"meet-the-team","status":"publish","type":"page","link":"https:\/\/volanteglobal.com\/fr\/meet-the-team\/","title":{"rendered":"Notre \u00c9quipe"},"content":{"rendered":"","protected":false},"excerpt":{"rendered":"","protected":false},"author":2,"featured_media":2129,"parent":0,"menu_order":0,"comment_status":"closed","ping_status":"closed","template":"templates\/page-team.php","meta":{"_acf_changed":false,"footnotes":""},"class_list":["post-2127","page","type-page","status-publish","has-post-thumbnail","hentry"],"acf":[],"yoast_head":"<!-- This site is optimized with the Yoast SEO plugin v27.3 - https:\/\/yoast.com\/product\/yoast-seo-wordpress\/ -->\n<title>Notre \u00c9quipe - Volante Group<\/title>\n<meta name=\"description\" content=\"\u00c0 txous les niveaux de Volante, nous avons investi dans des talents exceptionnels. Chacune de nos divisions de souscription et de service est dirig\u00e9e par des leaders reconnus dans leurs secteurs ou territoires respectifs - des experts de leur march\u00e9 qui sont ax\u00e9s sur les r\u00e9sultats et qui ont les moyens d&#039;aller de l&#039;avant.\" \/>\n<meta name=\"robots\" content=\"index, follow, max-snippet:-1, max-image-preview:large, max-video-preview:-1\" \/>\n<link rel=\"canonical\" href=\"https:\/\/volanteglobal.com\/fr\/meet-the-team\/\" \/>\n<meta property=\"og:locale\" content=\"fr_FR\" \/>\n<meta property=\"og:type\" content=\"article\" \/>\n<meta property=\"og:title\" content=\"Notre \u00c9quipe - Volante Group\" \/>\n<meta property=\"og:description\" content=\"\u00c0 txous les niveaux de Volante, nous avons investi dans des talents exceptionnels. Chacune de nos divisions de souscription et de service est dirig\u00e9e par des leaders reconnus dans leurs secteurs ou territoires respectifs - des experts de leur march\u00e9 qui sont ax\u00e9s sur les r\u00e9sultats et qui ont les moyens d&#039;aller de l&#039;avant.\" \/>\n<meta property=\"og:url\" content=\"https:\/\/volanteglobal.com\/fr\/meet-the-team\/\" \/>\n<meta property=\"og:site_name\" content=\"Volante Group\" \/>\n<meta property=\"article:publisher\" content=\"https:\/\/www.linkedin.com\/company\/volante-global\/\" \/>\n<meta property=\"article:modified_time\" content=\"2022-03-08T12:17:52+00:00\" \/>\n<meta property=\"og:image\" content=\"https:\/\/volanteglobal.com\/wp-content\/uploads\/2020\/11\/teamGeometric-1024x578.png\" \/>\n\t<meta property=\"og:image:width\" content=\"1024\" \/>\n\t<meta property=\"og:image:height\" content=\"578\" \/>\n\t<meta property=\"og:image:type\" content=\"image\/png\" \/>\n<meta name=\"twitter:card\" content=\"summary_large_image\" \/>\n<script type=\"application\/ld+json\" class=\"yoast-schema-graph\">{\"@context\":\"https:\\\/\\\/schema.org\",\"@graph\":[{\"@type\":\"WebPage\",\"@id\":\"https:\\\/\\\/volanteglobal.com\\\/fr\\\/meet-the-team\\\/\",\"url\":\"https:\\\/\\\/volanteglobal.com\\\/fr\\\/meet-the-team\\\/\",\"name\":\"Notre \u00c9quipe - Volante Group\",\"isPartOf\":{\"@id\":\"https:\\\/\\\/volanteglobal.com\\\/fr\\\/#website\"},\"primaryImageOfPage\":{\"@id\":\"https:\\\/\\\/volanteglobal.com\\\/fr\\\/meet-the-team\\\/#primaryimage\"},\"image\":{\"@id\":\"https:\\\/\\\/volanteglobal.com\\\/fr\\\/meet-the-team\\\/#primaryimage\"},\"thumbnailUrl\":\"https:\\\/\\\/volanteglobal.com\\\/wp-content\\\/uploads\\\/2020\\\/11\\\/teamGeometric.png\",\"datePublished\":\"2020-07-31T12:22:30+00:00\",\"dateModified\":\"2022-03-08T12:17:52+00:00\",\"description\":\"\u00c0 txous les niveaux de Volante, nous avons investi dans des talents exceptionnels. Chacune de nos divisions de souscription et de service est dirig\u00e9e par des leaders reconnus dans leurs secteurs ou territoires respectifs - des experts de leur march\u00e9 qui sont ax\u00e9s sur les r\u00e9sultats et qui ont les moyens d'aller de l'avant.\",\"breadcrumb\":{\"@id\":\"https:\\\/\\\/volanteglobal.com\\\/fr\\\/meet-the-team\\\/#breadcrumb\"},\"inLanguage\":\"fr-FR\",\"potentialAction\":[{\"@type\":\"ReadAction\",\"target\":[\"https:\\\/\\\/volanteglobal.com\\\/fr\\\/meet-the-team\\\/\"]}]},{\"@type\":\"ImageObject\",\"inLanguage\":\"fr-FR\",\"@id\":\"https:\\\/\\\/volanteglobal.com\\\/fr\\\/meet-the-team\\\/#primaryimage\",\"url\":\"https:\\\/\\\/volanteglobal.com\\\/wp-content\\\/uploads\\\/2020\\\/11\\\/teamGeometric.png\",\"contentUrl\":\"https:\\\/\\\/volanteglobal.com\\\/wp-content\\\/uploads\\\/2020\\\/11\\\/teamGeometric.png\",\"width\":2500,\"height\":1412},{\"@type\":\"BreadcrumbList\",\"@id\":\"https:\\\/\\\/volanteglobal.com\\\/fr\\\/meet-the-team\\\/#breadcrumb\",\"itemListElement\":[{\"@type\":\"ListItem\",\"position\":1,\"name\":\"Home\",\"item\":\"https:\\\/\\\/volanteglobal.com\\\/fr\\\/\"},{\"@type\":\"ListItem\",\"position\":2,\"name\":\"Notre \u00c9quipe\"}]},{\"@type\":\"WebSite\",\"@id\":\"https:\\\/\\\/volanteglobal.com\\\/fr\\\/#website\",\"url\":\"https:\\\/\\\/volanteglobal.com\\\/fr\\\/\",\"name\":\"Volante Group\",\"description\":\"Transforming the market standard\",\"publisher\":{\"@id\":\"https:\\\/\\\/volanteglobal.com\\\/fr\\\/#organization\"},\"potentialAction\":[{\"@type\":\"SearchAction\",\"target\":{\"@type\":\"EntryPoint\",\"urlTemplate\":\"https:\\\/\\\/volanteglobal.com\\\/fr\\\/?s={search_term_string}\"},\"query-input\":{\"@type\":\"PropertyValueSpecification\",\"valueRequired\":true,\"valueName\":\"search_term_string\"}}],\"inLanguage\":\"fr-FR\"},{\"@type\":\"Organization\",\"@id\":\"https:\\\/\\\/volanteglobal.com\\\/fr\\\/#organization\",\"name\":\"Volante Group\",\"url\":\"https:\\\/\\\/volanteglobal.com\\\/fr\\\/\",\"logo\":{\"@type\":\"ImageObject\",\"inLanguage\":\"fr-FR\",\"@id\":\"https:\\\/\\\/volanteglobal.com\\\/fr\\\/#\\\/schema\\\/logo\\\/image\\\/\",\"url\":\"https:\\\/\\\/volanteglobal.com\\\/wp-content\\\/uploads\\\/2025\\\/04\\\/Volante-Logo.png\",\"contentUrl\":\"https:\\\/\\\/volanteglobal.com\\\/wp-content\\\/uploads\\\/2025\\\/04\\\/Volante-Logo.png\",\"width\":1920,\"height\":1080,\"caption\":\"Volante Group\"},\"image\":{\"@id\":\"https:\\\/\\\/volanteglobal.com\\\/fr\\\/#\\\/schema\\\/logo\\\/image\\\/\"},\"sameAs\":[\"https:\\\/\\\/www.linkedin.com\\\/company\\\/volante-global\\\/\"]}]}<\/script>\n<!-- \/ Yoast SEO plugin. -->","yoast_head_json":{"title":"Notre \u00c9quipe - Volante Group","description":"\u00c0 txous les niveaux de Volante, nous avons investi dans des talents exceptionnels. Chacune de nos divisions de souscription et de service est dirig\u00e9e par des leaders reconnus dans leurs secteurs ou territoires respectifs - des experts de leur march\u00e9 qui sont ax\u00e9s sur les r\u00e9sultats et qui ont les moyens d'aller de l'avant.","robots":{"index":"index","follow":"follow","max-snippet":"max-snippet:-1","max-image-preview":"max-image-preview:large","max-video-preview":"max-video-preview:-1"},"canonical":"https:\/\/volanteglobal.com\/fr\/meet-the-team\/","og_locale":"fr_FR","og_type":"article","og_title":"Notre \u00c9quipe - Volante Group","og_description":"\u00c0 txous les niveaux de Volante, nous avons investi dans des talents exceptionnels. Chacune de nos divisions de souscription et de service est dirig\u00e9e par des leaders reconnus dans leurs secteurs ou territoires respectifs - des experts de leur march\u00e9 qui sont ax\u00e9s sur les r\u00e9sultats et qui ont les moyens d'aller de l'avant.","og_url":"https:\/\/volanteglobal.com\/fr\/meet-the-team\/","og_site_name":"Volante Group","article_publisher":"https:\/\/www.linkedin.com\/company\/volante-global\/","article_modified_time":"2022-03-08T12:17:52+00:00","og_image":[{"width":1024,"height":578,"url":"https:\/\/volanteglobal.com\/wp-content\/uploads\/2020\/11\/teamGeometric-1024x578.png","type":"image\/png"}],"twitter_card":"summary_large_image","schema":{"@context":"https:\/\/schema.org","@graph":[{"@type":"WebPage","@id":"https:\/\/volanteglobal.com\/fr\/meet-the-team\/","url":"https:\/\/volanteglobal.com\/fr\/meet-the-team\/","name":"Notre \u00c9quipe - Volante Group","isPartOf":{"@id":"https:\/\/volanteglobal.com\/fr\/#website"},"primaryImageOfPage":{"@id":"https:\/\/volanteglobal.com\/fr\/meet-the-team\/#primaryimage"},"image":{"@id":"https:\/\/volanteglobal.com\/fr\/meet-the-team\/#primaryimage"},"thumbnailUrl":"https:\/\/volanteglobal.com\/wp-content\/uploads\/2020\/11\/teamGeometric.png","datePublished":"2020-07-31T12:22:30+00:00","dateModified":"2022-03-08T12:17:52+00:00","description":"\u00c0 txous les niveaux de Volante, nous avons investi dans des talents exceptionnels. Chacune de nos divisions de souscription et de service est dirig\u00e9e par des leaders reconnus dans leurs secteurs ou territoires respectifs - des experts de leur march\u00e9 qui sont ax\u00e9s sur les r\u00e9sultats et qui ont les moyens d'aller de l'avant.","breadcrumb":{"@id":"https:\/\/volanteglobal.com\/fr\/meet-the-team\/#breadcrumb"},"inLanguage":"fr-FR","potentialAction":[{"@type":"ReadAction","target":["https:\/\/volanteglobal.com\/fr\/meet-the-team\/"]}]},{"@type":"ImageObject","inLanguage":"fr-FR","@id":"https:\/\/volanteglobal.com\/fr\/meet-the-team\/#primaryimage","url":"https:\/\/volanteglobal.com\/wp-content\/uploads\/2020\/11\/teamGeometric.png","contentUrl":"https:\/\/volanteglobal.com\/wp-content\/uploads\/2020\/11\/teamGeometric.png","width":2500,"height":1412},{"@type":"BreadcrumbList","@id":"https:\/\/volanteglobal.com\/fr\/meet-the-team\/#breadcrumb","itemListElement":[{"@type":"ListItem","position":1,"name":"Home","item":"https:\/\/volanteglobal.com\/fr\/"},{"@type":"ListItem","position":2,"name":"Notre \u00c9quipe"}]},{"@type":"WebSite","@id":"https:\/\/volanteglobal.com\/fr\/#website","url":"https:\/\/volanteglobal.com\/fr\/","name":"Volante Group","description":"Transforming the market standard","publisher":{"@id":"https:\/\/volanteglobal.com\/fr\/#organization"},"potentialAction":[{"@type":"SearchAction","target":{"@type":"EntryPoint","urlTemplate":"https:\/\/volanteglobal.com\/fr\/?s={search_term_string}"},"query-input":{"@type":"PropertyValueSpecification","valueRequired":true,"valueName":"search_term_string"}}],"inLanguage":"fr-FR"},{"@type":"Organization","@id":"https:\/\/volanteglobal.com\/fr\/#organization","name":"Volante Group","url":"https:\/\/volanteglobal.com\/fr\/","logo":{"@type":"ImageObject","inLanguage":"fr-FR","@id":"https:\/\/volanteglobal.com\/fr\/#\/schema\/logo\/image\/","url":"https:\/\/volanteglobal.com\/wp-content\/uploads\/2025\/04\/Volante-Logo.png","contentUrl":"https:\/\/volanteglobal.com\/wp-content\/uploads\/2025\/04\/Volante-Logo.png","width":1920,"height":1080,"caption":"Volante Group"},"image":{"@id":"https:\/\/volanteglobal.com\/fr\/#\/schema\/logo\/image\/"},"sameAs":["https:\/\/www.linkedin.com\/company\/volante-global\/"]}]}},"_links":{"self":[{"href":"https:\/\/volanteglobal.com\/fr\/wp-json\/wp\/v2\/pages\/2127","targetHints":{"allow":["GET"]}}],"collection":[{"href":"https:\/\/volanteglobal.com\/fr\/wp-json\/wp\/v2\/pages"}],"about":[{"href":"https:\/\/volanteglobal.com\/fr\/wp-json\/wp\/v2\/types\/page"}],"author":[{"embeddable":true,"href":"https:\/\/volanteglobal.com\/fr\/wp-json\/wp\/v2\/users\/2"}],"replies":[{"embeddable":true,"href":"https:\/\/volanteglobal.com\/fr\/wp-json\/wp\/v2\/comments?post=2127"}],"version-history":[{"count":2,"href":"https:\/\/volanteglobal.com\/fr\/wp-json\/wp\/v2\/pages\/2127\/revisions"}],"predecessor-version":[{"id":3092,"href":"https:\/\/volanteglobal.com\/fr\/wp-json\/wp\/v2\/pages\/2127\/revisions\/3092"}],"wp:featuredmedia":[{"embeddable":true,"href":"https:\/\/volanteglobal.com\/fr\/wp-json\/wp\/v2\/media\/2129"}],"wp:attachment":[{"href":"https:\/\/volanteglobal.com\/fr\/wp-json\/wp\/v2\/media?parent=2127"}],"curies":[{"name":"wp","href":"https:\/\/api.w.org\/{rel}","templated":true}]}}