{"id":2125,"date":"2020-09-09T09:33:25","date_gmt":"2020-09-09T08:33:25","guid":{"rendered":"https:\/\/volante-translated.vitaledigital.co.uk\/claims\/"},"modified":"2024-02-20T17:00:24","modified_gmt":"2024-02-20T17:00:24","slug":"claims","status":"publish","type":"page","link":"https:\/\/volanteglobal.com\/fr\/claims\/","title":{"rendered":"Sinistres"},"content":{"rendered":"<p>Lorem Ipsum is simply dummy text of the printing and typesetting industry. Lorem Ipsum has been gigger than big the industry&rsquo;s standard dummy text.<\/p>\n","protected":false},"excerpt":{"rendered":"<p>Lorem Ipsum is simply dummy text of the printing and typesetting industry. Lorem Ipsum has been gigger than big the industry&rsquo;s standard dummy text.<\/p>\n","protected":false},"author":1,"featured_media":0,"parent":0,"menu_order":0,"comment_status":"closed","ping_status":"closed","template":"templates\/page-claims-contacts.php","meta":{"_acf_changed":false,"footnotes":""},"class_list":["post-2125","page","type-page","status-publish","hentry"],"acf":[],"yoast_head":"<!-- This site is optimized with the Yoast SEO plugin v27.3 - https:\/\/yoast.com\/product\/yoast-seo-wordpress\/ -->\n<title>Sinistres - Volante Group<\/title>\n<meta name=\"description\" content=\"Le groupe Volante s&#039;est engag\u00e9 \u00e0 mettre en place un service de gestion des sinistres de premier ordre qui le diff\u00e9rencie de ses concurrents. Nous fournissons \u00e0 nos clients un service de gestion des sinistres tourn\u00e9 vers l&#039;excellence et tous les sinistres de Volante sont trait\u00e9es avec int\u00e9grit\u00e9, empathie, rapidit\u00e9, expertise et \u00e9quit\u00e9.\" \/>\n<meta name=\"robots\" content=\"index, follow, max-snippet:-1, max-image-preview:large, max-video-preview:-1\" \/>\n<link rel=\"canonical\" href=\"https:\/\/volanteglobal.com\/fr\/claims\/\" \/>\n<meta property=\"og:locale\" content=\"fr_FR\" \/>\n<meta property=\"og:type\" content=\"article\" \/>\n<meta property=\"og:title\" content=\"Sinistres - Volante Group\" \/>\n<meta property=\"og:description\" content=\"Le groupe Volante s&#039;est engag\u00e9 \u00e0 mettre en place un service de gestion des sinistres de premier ordre qui le diff\u00e9rencie de ses concurrents. Nous fournissons \u00e0 nos clients un service de gestion des sinistres tourn\u00e9 vers l&#039;excellence et tous les sinistres de Volante sont trait\u00e9es avec int\u00e9grit\u00e9, empathie, rapidit\u00e9, expertise et \u00e9quit\u00e9.\" \/>\n<meta property=\"og:url\" content=\"https:\/\/volanteglobal.com\/fr\/claims\/\" \/>\n<meta property=\"og:site_name\" content=\"Volante Group\" \/>\n<meta property=\"article:publisher\" content=\"https:\/\/www.linkedin.com\/company\/volante-global\/\" \/>\n<meta property=\"article:modified_time\" content=\"2024-02-20T17:00:24+00:00\" \/>\n<meta name=\"twitter:card\" content=\"summary_large_image\" \/>\n<script type=\"application\/ld+json\" class=\"yoast-schema-graph\">{\"@context\":\"https:\\\/\\\/schema.org\",\"@graph\":[{\"@type\":\"WebPage\",\"@id\":\"https:\\\/\\\/volanteglobal.com\\\/fr\\\/claims\\\/\",\"url\":\"https:\\\/\\\/volanteglobal.com\\\/fr\\\/claims\\\/\",\"name\":\"Sinistres - Volante Group\",\"isPartOf\":{\"@id\":\"https:\\\/\\\/volanteglobal.com\\\/fr\\\/#website\"},\"datePublished\":\"2020-09-09T08:33:25+00:00\",\"dateModified\":\"2024-02-20T17:00:24+00:00\",\"description\":\"Le groupe Volante s'est engag\u00e9 \u00e0 mettre en place un service de gestion des sinistres de premier ordre qui le diff\u00e9rencie de ses concurrents. Nous fournissons \u00e0 nos clients un service de gestion des sinistres tourn\u00e9 vers l'excellence et tous les sinistres de Volante sont trait\u00e9es avec int\u00e9grit\u00e9, empathie, rapidit\u00e9, expertise et \u00e9quit\u00e9.\",\"breadcrumb\":{\"@id\":\"https:\\\/\\\/volanteglobal.com\\\/fr\\\/claims\\\/#breadcrumb\"},\"inLanguage\":\"fr-FR\",\"potentialAction\":[{\"@type\":\"ReadAction\",\"target\":[\"https:\\\/\\\/volanteglobal.com\\\/fr\\\/claims\\\/\"]}]},{\"@type\":\"BreadcrumbList\",\"@id\":\"https:\\\/\\\/volanteglobal.com\\\/fr\\\/claims\\\/#breadcrumb\",\"itemListElement\":[{\"@type\":\"ListItem\",\"position\":1,\"name\":\"Home\",\"item\":\"https:\\\/\\\/volanteglobal.com\\\/fr\\\/\"},{\"@type\":\"ListItem\",\"position\":2,\"name\":\"Sinistres\"}]},{\"@type\":\"WebSite\",\"@id\":\"https:\\\/\\\/volanteglobal.com\\\/fr\\\/#website\",\"url\":\"https:\\\/\\\/volanteglobal.com\\\/fr\\\/\",\"name\":\"Volante Group\",\"description\":\"Transforming the market standard\",\"publisher\":{\"@id\":\"https:\\\/\\\/volanteglobal.com\\\/fr\\\/#organization\"},\"potentialAction\":[{\"@type\":\"SearchAction\",\"target\":{\"@type\":\"EntryPoint\",\"urlTemplate\":\"https:\\\/\\\/volanteglobal.com\\\/fr\\\/?s={search_term_string}\"},\"query-input\":{\"@type\":\"PropertyValueSpecification\",\"valueRequired\":true,\"valueName\":\"search_term_string\"}}],\"inLanguage\":\"fr-FR\"},{\"@type\":\"Organization\",\"@id\":\"https:\\\/\\\/volanteglobal.com\\\/fr\\\/#organization\",\"name\":\"Volante Group\",\"url\":\"https:\\\/\\\/volanteglobal.com\\\/fr\\\/\",\"logo\":{\"@type\":\"ImageObject\",\"inLanguage\":\"fr-FR\",\"@id\":\"https:\\\/\\\/volanteglobal.com\\\/fr\\\/#\\\/schema\\\/logo\\\/image\\\/\",\"url\":\"https:\\\/\\\/volanteglobal.com\\\/wp-content\\\/uploads\\\/2025\\\/04\\\/Volante-Logo.png\",\"contentUrl\":\"https:\\\/\\\/volanteglobal.com\\\/wp-content\\\/uploads\\\/2025\\\/04\\\/Volante-Logo.png\",\"width\":1920,\"height\":1080,\"caption\":\"Volante Group\"},\"image\":{\"@id\":\"https:\\\/\\\/volanteglobal.com\\\/fr\\\/#\\\/schema\\\/logo\\\/image\\\/\"},\"sameAs\":[\"https:\\\/\\\/www.linkedin.com\\\/company\\\/volante-global\\\/\"]}]}<\/script>\n<!-- \/ Yoast SEO plugin. -->","yoast_head_json":{"title":"Sinistres - Volante Group","description":"Le groupe Volante s'est engag\u00e9 \u00e0 mettre en place un service de gestion des sinistres de premier ordre qui le diff\u00e9rencie de ses concurrents. Nous fournissons \u00e0 nos clients un service de gestion des sinistres tourn\u00e9 vers l'excellence et tous les sinistres de Volante sont trait\u00e9es avec int\u00e9grit\u00e9, empathie, rapidit\u00e9, expertise et \u00e9quit\u00e9.","robots":{"index":"index","follow":"follow","max-snippet":"max-snippet:-1","max-image-preview":"max-image-preview:large","max-video-preview":"max-video-preview:-1"},"canonical":"https:\/\/volanteglobal.com\/fr\/claims\/","og_locale":"fr_FR","og_type":"article","og_title":"Sinistres - Volante Group","og_description":"Le groupe Volante s'est engag\u00e9 \u00e0 mettre en place un service de gestion des sinistres de premier ordre qui le diff\u00e9rencie de ses concurrents. Nous fournissons \u00e0 nos clients un service de gestion des sinistres tourn\u00e9 vers l'excellence et tous les sinistres de Volante sont trait\u00e9es avec int\u00e9grit\u00e9, empathie, rapidit\u00e9, expertise et \u00e9quit\u00e9.","og_url":"https:\/\/volanteglobal.com\/fr\/claims\/","og_site_name":"Volante Group","article_publisher":"https:\/\/www.linkedin.com\/company\/volante-global\/","article_modified_time":"2024-02-20T17:00:24+00:00","twitter_card":"summary_large_image","schema":{"@context":"https:\/\/schema.org","@graph":[{"@type":"WebPage","@id":"https:\/\/volanteglobal.com\/fr\/claims\/","url":"https:\/\/volanteglobal.com\/fr\/claims\/","name":"Sinistres - Volante Group","isPartOf":{"@id":"https:\/\/volanteglobal.com\/fr\/#website"},"datePublished":"2020-09-09T08:33:25+00:00","dateModified":"2024-02-20T17:00:24+00:00","description":"Le groupe Volante s'est engag\u00e9 \u00e0 mettre en place un service de gestion des sinistres de premier ordre qui le diff\u00e9rencie de ses concurrents. Nous fournissons \u00e0 nos clients un service de gestion des sinistres tourn\u00e9 vers l'excellence et tous les sinistres de Volante sont trait\u00e9es avec int\u00e9grit\u00e9, empathie, rapidit\u00e9, expertise et \u00e9quit\u00e9.","breadcrumb":{"@id":"https:\/\/volanteglobal.com\/fr\/claims\/#breadcrumb"},"inLanguage":"fr-FR","potentialAction":[{"@type":"ReadAction","target":["https:\/\/volanteglobal.com\/fr\/claims\/"]}]},{"@type":"BreadcrumbList","@id":"https:\/\/volanteglobal.com\/fr\/claims\/#breadcrumb","itemListElement":[{"@type":"ListItem","position":1,"name":"Home","item":"https:\/\/volanteglobal.com\/fr\/"},{"@type":"ListItem","position":2,"name":"Sinistres"}]},{"@type":"WebSite","@id":"https:\/\/volanteglobal.com\/fr\/#website","url":"https:\/\/volanteglobal.com\/fr\/","name":"Volante Group","description":"Transforming the market standard","publisher":{"@id":"https:\/\/volanteglobal.com\/fr\/#organization"},"potentialAction":[{"@type":"SearchAction","target":{"@type":"EntryPoint","urlTemplate":"https:\/\/volanteglobal.com\/fr\/?s={search_term_string}"},"query-input":{"@type":"PropertyValueSpecification","valueRequired":true,"valueName":"search_term_string"}}],"inLanguage":"fr-FR"},{"@type":"Organization","@id":"https:\/\/volanteglobal.com\/fr\/#organization","name":"Volante Group","url":"https:\/\/volanteglobal.com\/fr\/","logo":{"@type":"ImageObject","inLanguage":"fr-FR","@id":"https:\/\/volanteglobal.com\/fr\/#\/schema\/logo\/image\/","url":"https:\/\/volanteglobal.com\/wp-content\/uploads\/2025\/04\/Volante-Logo.png","contentUrl":"https:\/\/volanteglobal.com\/wp-content\/uploads\/2025\/04\/Volante-Logo.png","width":1920,"height":1080,"caption":"Volante Group"},"image":{"@id":"https:\/\/volanteglobal.com\/fr\/#\/schema\/logo\/image\/"},"sameAs":["https:\/\/www.linkedin.com\/company\/volante-global\/"]}]}},"_links":{"self":[{"href":"https:\/\/volanteglobal.com\/fr\/wp-json\/wp\/v2\/pages\/2125","targetHints":{"allow":["GET"]}}],"collection":[{"href":"https:\/\/volanteglobal.com\/fr\/wp-json\/wp\/v2\/pages"}],"about":[{"href":"https:\/\/volanteglobal.com\/fr\/wp-json\/wp\/v2\/types\/page"}],"author":[{"embeddable":true,"href":"https:\/\/volanteglobal.com\/fr\/wp-json\/wp\/v2\/users\/1"}],"replies":[{"embeddable":true,"href":"https:\/\/volanteglobal.com\/fr\/wp-json\/wp\/v2\/comments?post=2125"}],"version-history":[{"count":3,"href":"https:\/\/volanteglobal.com\/fr\/wp-json\/wp\/v2\/pages\/2125\/revisions"}],"predecessor-version":[{"id":3288,"href":"https:\/\/volanteglobal.com\/fr\/wp-json\/wp\/v2\/pages\/2125\/revisions\/3288"}],"wp:attachment":[{"href":"https:\/\/volanteglobal.com\/fr\/wp-json\/wp\/v2\/media?parent=2125"}],"curies":[{"name":"wp","href":"https:\/\/api.w.org\/{rel}","templated":true}]}}