{"id":2120,"date":"2020-09-21T11:35:37","date_gmt":"2020-09-21T10:35:37","guid":{"rendered":"https:\/\/volante-translated.vitaledigital.co.uk\/partners\/"},"modified":"2024-03-20T11:15:33","modified_gmt":"2024-03-20T11:15:33","slug":"partners","status":"publish","type":"page","link":"https:\/\/volanteglobal.com\/fr\/partners\/","title":{"rendered":"PARTENAIRES"},"content":{"rendered":"","protected":false},"excerpt":{"rendered":"","protected":false},"author":2,"featured_media":0,"parent":0,"menu_order":0,"comment_status":"closed","ping_status":"closed","template":"templates\/page-partners.php","meta":{"_acf_changed":false,"footnotes":""},"class_list":["post-2120","page","type-page","status-publish","hentry"],"acf":[],"yoast_head":"<!-- This site is optimized with the Yoast SEO plugin v27.3 - https:\/\/yoast.com\/product\/yoast-seo-wordpress\/ -->\n<title>PARTENAIRES - Volante Group<\/title>\n<meta name=\"description\" content=\"Volante offre un cadre de souscription vraiment unique. Un Agent de Soucription (MGA) interational et multi-classes ainsi qu&#039;un Syndicat du Lloyd&#039;s g\u00e9r\u00e9 par Asta Managing Agency Ltd. Nous proposons des produits d&#039;assurance et de r\u00e9assurance sp\u00e9cialis\u00e9s et de niche, d\u00e9velopp\u00e9s par des \u00e9quipes de souscription dot\u00e9es des pleines autorit\u00e9s et \u00e0 travers un large r\u00e9seau de distribution.\" \/>\n<meta name=\"robots\" content=\"index, follow, max-snippet:-1, max-image-preview:large, max-video-preview:-1\" \/>\n<link rel=\"canonical\" href=\"https:\/\/volanteglobal.com\/fr\/partners\/\" \/>\n<meta property=\"og:locale\" content=\"fr_FR\" \/>\n<meta property=\"og:type\" content=\"article\" \/>\n<meta property=\"og:title\" content=\"PARTENAIRES - Volante Group\" \/>\n<meta property=\"og:description\" content=\"Volante offre un cadre de souscription vraiment unique. Un Agent de Soucription (MGA) interational et multi-classes ainsi qu&#039;un Syndicat du Lloyd&#039;s g\u00e9r\u00e9 par Asta Managing Agency Ltd. Nous proposons des produits d&#039;assurance et de r\u00e9assurance sp\u00e9cialis\u00e9s et de niche, d\u00e9velopp\u00e9s par des \u00e9quipes de souscription dot\u00e9es des pleines autorit\u00e9s et \u00e0 travers un large r\u00e9seau de distribution.\" \/>\n<meta property=\"og:url\" content=\"https:\/\/volanteglobal.com\/fr\/partners\/\" \/>\n<meta property=\"og:site_name\" content=\"Volante Group\" \/>\n<meta property=\"article:publisher\" content=\"https:\/\/www.linkedin.com\/company\/volante-global\/\" \/>\n<meta property=\"article:modified_time\" content=\"2024-03-20T11:15:33+00:00\" \/>\n<meta name=\"twitter:card\" content=\"summary_large_image\" \/>\n<script type=\"application\/ld+json\" class=\"yoast-schema-graph\">{\"@context\":\"https:\\\/\\\/schema.org\",\"@graph\":[{\"@type\":\"WebPage\",\"@id\":\"https:\\\/\\\/volanteglobal.com\\\/fr\\\/partners\\\/\",\"url\":\"https:\\\/\\\/volanteglobal.com\\\/fr\\\/partners\\\/\",\"name\":\"PARTENAIRES - Volante Group\",\"isPartOf\":{\"@id\":\"https:\\\/\\\/volanteglobal.com\\\/fr\\\/#website\"},\"datePublished\":\"2020-09-21T10:35:37+00:00\",\"dateModified\":\"2024-03-20T11:15:33+00:00\",\"description\":\"Volante offre un cadre de souscription vraiment unique. Un Agent de Soucription (MGA) interational et multi-classes ainsi qu'un Syndicat du Lloyd's g\u00e9r\u00e9 par Asta Managing Agency Ltd. Nous proposons des produits d'assurance et de r\u00e9assurance sp\u00e9cialis\u00e9s et de niche, d\u00e9velopp\u00e9s par des \u00e9quipes de souscription dot\u00e9es des pleines autorit\u00e9s et \u00e0 travers un large r\u00e9seau de distribution.\",\"breadcrumb\":{\"@id\":\"https:\\\/\\\/volanteglobal.com\\\/fr\\\/partners\\\/#breadcrumb\"},\"inLanguage\":\"fr-FR\",\"potentialAction\":[{\"@type\":\"ReadAction\",\"target\":[\"https:\\\/\\\/volanteglobal.com\\\/fr\\\/partners\\\/\"]}]},{\"@type\":\"BreadcrumbList\",\"@id\":\"https:\\\/\\\/volanteglobal.com\\\/fr\\\/partners\\\/#breadcrumb\",\"itemListElement\":[{\"@type\":\"ListItem\",\"position\":1,\"name\":\"Home\",\"item\":\"https:\\\/\\\/volanteglobal.com\\\/fr\\\/\"},{\"@type\":\"ListItem\",\"position\":2,\"name\":\"PARTENAIRES\"}]},{\"@type\":\"WebSite\",\"@id\":\"https:\\\/\\\/volanteglobal.com\\\/fr\\\/#website\",\"url\":\"https:\\\/\\\/volanteglobal.com\\\/fr\\\/\",\"name\":\"Volante Group\",\"description\":\"Transforming the market standard\",\"publisher\":{\"@id\":\"https:\\\/\\\/volanteglobal.com\\\/fr\\\/#organization\"},\"potentialAction\":[{\"@type\":\"SearchAction\",\"target\":{\"@type\":\"EntryPoint\",\"urlTemplate\":\"https:\\\/\\\/volanteglobal.com\\\/fr\\\/?s={search_term_string}\"},\"query-input\":{\"@type\":\"PropertyValueSpecification\",\"valueRequired\":true,\"valueName\":\"search_term_string\"}}],\"inLanguage\":\"fr-FR\"},{\"@type\":\"Organization\",\"@id\":\"https:\\\/\\\/volanteglobal.com\\\/fr\\\/#organization\",\"name\":\"Volante Group\",\"url\":\"https:\\\/\\\/volanteglobal.com\\\/fr\\\/\",\"logo\":{\"@type\":\"ImageObject\",\"inLanguage\":\"fr-FR\",\"@id\":\"https:\\\/\\\/volanteglobal.com\\\/fr\\\/#\\\/schema\\\/logo\\\/image\\\/\",\"url\":\"https:\\\/\\\/volanteglobal.com\\\/wp-content\\\/uploads\\\/2025\\\/04\\\/Volante-Logo.png\",\"contentUrl\":\"https:\\\/\\\/volanteglobal.com\\\/wp-content\\\/uploads\\\/2025\\\/04\\\/Volante-Logo.png\",\"width\":1920,\"height\":1080,\"caption\":\"Volante Group\"},\"image\":{\"@id\":\"https:\\\/\\\/volanteglobal.com\\\/fr\\\/#\\\/schema\\\/logo\\\/image\\\/\"},\"sameAs\":[\"https:\\\/\\\/www.linkedin.com\\\/company\\\/volante-global\\\/\"]}]}<\/script>\n<!-- \/ Yoast SEO plugin. -->","yoast_head_json":{"title":"PARTENAIRES - Volante Group","description":"Volante offre un cadre de souscription vraiment unique. Un Agent de Soucription (MGA) interational et multi-classes ainsi qu'un Syndicat du Lloyd's g\u00e9r\u00e9 par Asta Managing Agency Ltd. Nous proposons des produits d'assurance et de r\u00e9assurance sp\u00e9cialis\u00e9s et de niche, d\u00e9velopp\u00e9s par des \u00e9quipes de souscription dot\u00e9es des pleines autorit\u00e9s et \u00e0 travers un large r\u00e9seau de distribution.","robots":{"index":"index","follow":"follow","max-snippet":"max-snippet:-1","max-image-preview":"max-image-preview:large","max-video-preview":"max-video-preview:-1"},"canonical":"https:\/\/volanteglobal.com\/fr\/partners\/","og_locale":"fr_FR","og_type":"article","og_title":"PARTENAIRES - Volante Group","og_description":"Volante offre un cadre de souscription vraiment unique. Un Agent de Soucription (MGA) interational et multi-classes ainsi qu'un Syndicat du Lloyd's g\u00e9r\u00e9 par Asta Managing Agency Ltd. Nous proposons des produits d'assurance et de r\u00e9assurance sp\u00e9cialis\u00e9s et de niche, d\u00e9velopp\u00e9s par des \u00e9quipes de souscription dot\u00e9es des pleines autorit\u00e9s et \u00e0 travers un large r\u00e9seau de distribution.","og_url":"https:\/\/volanteglobal.com\/fr\/partners\/","og_site_name":"Volante Group","article_publisher":"https:\/\/www.linkedin.com\/company\/volante-global\/","article_modified_time":"2024-03-20T11:15:33+00:00","twitter_card":"summary_large_image","schema":{"@context":"https:\/\/schema.org","@graph":[{"@type":"WebPage","@id":"https:\/\/volanteglobal.com\/fr\/partners\/","url":"https:\/\/volanteglobal.com\/fr\/partners\/","name":"PARTENAIRES - Volante Group","isPartOf":{"@id":"https:\/\/volanteglobal.com\/fr\/#website"},"datePublished":"2020-09-21T10:35:37+00:00","dateModified":"2024-03-20T11:15:33+00:00","description":"Volante offre un cadre de souscription vraiment unique. Un Agent de Soucription (MGA) interational et multi-classes ainsi qu'un Syndicat du Lloyd's g\u00e9r\u00e9 par Asta Managing Agency Ltd. Nous proposons des produits d'assurance et de r\u00e9assurance sp\u00e9cialis\u00e9s et de niche, d\u00e9velopp\u00e9s par des \u00e9quipes de souscription dot\u00e9es des pleines autorit\u00e9s et \u00e0 travers un large r\u00e9seau de distribution.","breadcrumb":{"@id":"https:\/\/volanteglobal.com\/fr\/partners\/#breadcrumb"},"inLanguage":"fr-FR","potentialAction":[{"@type":"ReadAction","target":["https:\/\/volanteglobal.com\/fr\/partners\/"]}]},{"@type":"BreadcrumbList","@id":"https:\/\/volanteglobal.com\/fr\/partners\/#breadcrumb","itemListElement":[{"@type":"ListItem","position":1,"name":"Home","item":"https:\/\/volanteglobal.com\/fr\/"},{"@type":"ListItem","position":2,"name":"PARTENAIRES"}]},{"@type":"WebSite","@id":"https:\/\/volanteglobal.com\/fr\/#website","url":"https:\/\/volanteglobal.com\/fr\/","name":"Volante Group","description":"Transforming the market standard","publisher":{"@id":"https:\/\/volanteglobal.com\/fr\/#organization"},"potentialAction":[{"@type":"SearchAction","target":{"@type":"EntryPoint","urlTemplate":"https:\/\/volanteglobal.com\/fr\/?s={search_term_string}"},"query-input":{"@type":"PropertyValueSpecification","valueRequired":true,"valueName":"search_term_string"}}],"inLanguage":"fr-FR"},{"@type":"Organization","@id":"https:\/\/volanteglobal.com\/fr\/#organization","name":"Volante Group","url":"https:\/\/volanteglobal.com\/fr\/","logo":{"@type":"ImageObject","inLanguage":"fr-FR","@id":"https:\/\/volanteglobal.com\/fr\/#\/schema\/logo\/image\/","url":"https:\/\/volanteglobal.com\/wp-content\/uploads\/2025\/04\/Volante-Logo.png","contentUrl":"https:\/\/volanteglobal.com\/wp-content\/uploads\/2025\/04\/Volante-Logo.png","width":1920,"height":1080,"caption":"Volante Group"},"image":{"@id":"https:\/\/volanteglobal.com\/fr\/#\/schema\/logo\/image\/"},"sameAs":["https:\/\/www.linkedin.com\/company\/volante-global\/"]}]}},"_links":{"self":[{"href":"https:\/\/volanteglobal.com\/fr\/wp-json\/wp\/v2\/pages\/2120","targetHints":{"allow":["GET"]}}],"collection":[{"href":"https:\/\/volanteglobal.com\/fr\/wp-json\/wp\/v2\/pages"}],"about":[{"href":"https:\/\/volanteglobal.com\/fr\/wp-json\/wp\/v2\/types\/page"}],"author":[{"embeddable":true,"href":"https:\/\/volanteglobal.com\/fr\/wp-json\/wp\/v2\/users\/2"}],"replies":[{"embeddable":true,"href":"https:\/\/volanteglobal.com\/fr\/wp-json\/wp\/v2\/comments?post=2120"}],"version-history":[{"count":5,"href":"https:\/\/volanteglobal.com\/fr\/wp-json\/wp\/v2\/pages\/2120\/revisions"}],"predecessor-version":[{"id":5898,"href":"https:\/\/volanteglobal.com\/fr\/wp-json\/wp\/v2\/pages\/2120\/revisions\/5898"}],"wp:attachment":[{"href":"https:\/\/volanteglobal.com\/fr\/wp-json\/wp\/v2\/media?parent=2120"}],"curies":[{"name":"wp","href":"https:\/\/api.w.org\/{rel}","templated":true}]}}